{"id":688,"date":"2021-12-13T19:08:46","date_gmt":"2021-12-13T19:08:46","guid":{"rendered":"https:\/\/bslthemes.com\/kinsley\/?page_id=688"},"modified":"2023-01-30T11:56:37","modified_gmt":"2023-01-30T17:56:37","slug":"preguntas-frecuentes","status":"publish","type":"page","link":"https:\/\/haciendasanmartin.mx\/en\/preguntas-frecuentes\/","title":{"rendered":"Frequently Asked Questions"},"content":{"rendered":"<div data-elementor-type=\"wp-page\" data-elementor-id=\"688\" class=\"elementor elementor-688\">\n\t\t\t\t\t\t<section class=\"elementor-section elementor-top-section elementor-element elementor-element-b227ade elementor-section-full_width elementor-section-height-default elementor-section-height-default\" data-id=\"b227ade\" data-element_type=\"section\">\n\t\t\t\t\t\t<div class=\"elementor-container elementor-column-gap-no\">\n\t\t\t\t\t<div class=\"elementor-column elementor-col-100 elementor-top-column elementor-element elementor-element-72ef981\" data-id=\"72ef981\" data-element_type=\"column\">\n\t\t\t<div class=\"elementor-widget-wrap elementor-element-populated\">\n\t\t\t\t\t\t<div class=\"elementor-element elementor-element-63d7c74 elementor-widget elementor-widget-kinsley-intro\" data-id=\"63d7c74\" data-element_type=\"widget\" data-widget_type=\"kinsley-intro.default\">\n\t\t\t\t<div class=\"elementor-widget-container\">\n\t\t\t\n    <!-- banner -->\n    <section class=\"knsl-banner-simple knsl-transition-bottom\">\n      \n      <div class=\"container\">\n        <div class=\"row\">\n          <div class=\"col-lg-12\">\n\n            <div class=\"knsl-center knsl-title-frame\">\n                            <h1 class=\"knsl-title--h knsl-mb-20 knsl-h1-inner\">\n                <span >\n                    Frequently Asked Questions                <\/span>\n              <\/h1>\n                                          <p class=\"knsl-text knsl-mb-30\">\n                <span >\n                    At Hacienda San Mart\u00edn we are aware of your doubts and concerns.                <\/span>\n              <\/p>\n              \n              \n            <\/div>\n\n          <\/div>\n        <\/div>\n      <\/div>\n    <\/section>\n    <!-- banner end -->\n\n\t\t\t\t<\/div>\n\t\t\t\t<\/div>\n\t\t\t\t\t<\/div>\n\t\t<\/div>\n\t\t\t\t\t<\/div>\n\t\t<\/section>\n\t\t\t\t<section class=\"elementor-section elementor-top-section elementor-element elementor-element-107e151 elementor-section-boxed elementor-section-height-default elementor-section-height-default\" data-id=\"107e151\" data-element_type=\"section\">\n\t\t\t\t\t\t<div class=\"elementor-container elementor-column-gap-default\">\n\t\t\t\t\t<div class=\"elementor-column elementor-col-100 elementor-top-column elementor-element elementor-element-4c165ec\" data-id=\"4c165ec\" data-element_type=\"column\">\n\t\t\t<div class=\"elementor-widget-wrap elementor-element-populated\">\n\t\t\t\t\t\t<div class=\"elementor-element elementor-element-1b064fb elementor-widget elementor-widget-kinsley-faq-list\" data-id=\"1b064fb\" data-element_type=\"widget\" data-widget_type=\"kinsley-faq-list.default\">\n\t\t\t\t<div class=\"elementor-widget-container\">\n\t\t\t\n\t\t<!-- faq -->\n    <div class=\"container knsl-p-0-100\">\n\t\t\t\n\t\t\t<div class=\"row\" data-sticky-container>\n\n        <div class=\"col-lg-3\">\n\t\t\t\t\t          <!-- side form -->\n          <div class=\"knsl-sticky knsl-stycky-left\" data-margin-top=\"110\">\n\t\t\t\t\t\t\n            <ul class=\"knsl-side-menu\">\n\t\t\t\t\t\t\t\t\t\t\t\t\t\t<li><a href=\"#faq-56\" class=\"knsl-sm-link knsl-active\">Hotel Hacienda San Martin<\/a><\/li>\n\t\t\t\t\t\t\t            <\/ul>\n\n          <\/div>\n          <!-- side form end -->\n\t\t\t\t\t        <\/div>\n        <div class=\"col-lg-9\">\n          <section>\n\t\t\t\t\t\t            <div id=\"accordion\">\n\t\t\t\t\t\t\t              <h3 class=\"knsl-mb-30\">Hotel Hacienda San Martin<\/h3>\n              <div class=\"knsl-faq knsl-mb-60\" id=\"faq-56\">\n\t\t\t\t\t\t\t\t\n\n<div class=\"card\">\n\t<div class=\"card-header\" id=\"knsl-faqHeading-4683\">\n\t\t<div class=\"mb-0\">\n\t\t\t<div class=\"knsl-faq-title\" data-toggle=\"collapse\" data-target=\"#knsl-faqCollapse-4683\" data-aria-expanded=\"true\" data-aria-controls=\"knsl-faqCollapse-4683\">\n\t\t\t\t<span class=\"badge\">1<\/span>\n\t\t\t\tDo they have meeting rooms?\t\t\t<\/div>\n\t\t<\/div>\n\t<\/div>\n\t<div id=\"knsl-faqCollapse-4683\" class=\"collapse\" aria-labelledby=\"knsl-faqHeading-4683\" data-parent=\"#accordion\">\n\t\t<div class=\"knsl-card-body\">\n\t\t\t<p>Si, contamos con salones\u00a0 y jardines hasta para 240 personas.<\/p>\n\t\t<\/div>\n\t<\/div>\n<\/div>\n\n\n<div class=\"card\">\n\t<div class=\"card-header\" id=\"knsl-faqHeading-4677\">\n\t\t<div class=\"mb-0\">\n\t\t\t<div class=\"knsl-faq-title\" data-toggle=\"collapse\" data-target=\"#knsl-faqCollapse-4677\" data-aria-expanded=\"true\" data-aria-controls=\"knsl-faqCollapse-4677\">\n\t\t\t\t<span class=\"badge\">2<\/span>\n\t\t\t\tCan I pay for my reservation when I register at the hotel?\t\t\t<\/div>\n\t\t<\/div>\n\t<\/div>\n\t<div id=\"knsl-faqCollapse-4677\" class=\"collapse\" aria-labelledby=\"knsl-faqHeading-4677\" data-parent=\"#accordion\">\n\t\t<div class=\"knsl-card-body\">\n\t\t\t<p>Para garantizar una reservaci\u00f3n se deber\u00e1 pagar al momento de hacerla en la p\u00e1gina del hotel (www.haciendasanmartin.mx) o a trav\u00e9s de los portales booking, expedia, etc.<\/p>\n\t\t<\/div>\n\t<\/div>\n<\/div>\n\n\n<div class=\"card\">\n\t<div class=\"card-header\" id=\"knsl-faqHeading-4675\">\n\t\t<div class=\"mb-0\">\n\t\t\t<div class=\"knsl-faq-title\" data-toggle=\"collapse\" data-target=\"#knsl-faqCollapse-4675\" data-aria-expanded=\"true\" data-aria-controls=\"knsl-faqCollapse-4675\">\n\t\t\t\t<span class=\"badge\">3<\/span>\n\t\t\t\tAre my credit card details safe when making my reservation?\t\t\t<\/div>\n\t\t<\/div>\n\t<\/div>\n\t<div id=\"knsl-faqCollapse-4675\" class=\"collapse\" aria-labelledby=\"knsl-faqHeading-4675\" data-parent=\"#accordion\">\n\t\t<div class=\"knsl-card-body\">\n\t\t\t<p>Si, los datos que nos proporcionan son manejados confidencialmente por lo que les ofrecemos una experiencia segura en todas sus transacciones.<\/p>\n\t\t<\/div>\n\t<\/div>\n<\/div>\n\n\n<div class=\"card\">\n\t<div class=\"card-header\" id=\"knsl-faqHeading-4673\">\n\t\t<div class=\"mb-0\">\n\t\t\t<div class=\"knsl-faq-title\" data-toggle=\"collapse\" data-target=\"#knsl-faqCollapse-4673\" data-aria-expanded=\"true\" data-aria-controls=\"knsl-faqCollapse-4673\">\n\t\t\t\t<span class=\"badge\">4<\/span>\n\t\t\t\t\u00bfQu\u00e9 formas de pago son aceptadas en Hotel Hacienda San Mart\u00edn?\t\t\t<\/div>\n\t\t<\/div>\n\t<\/div>\n\t<div id=\"knsl-faqCollapse-4673\" class=\"collapse\" aria-labelledby=\"knsl-faqHeading-4673\" data-parent=\"#accordion\">\n\t\t<div class=\"knsl-card-body\">\n\t\t\t<p>Aceptamos Tarjetas de cr\u00e9dito y\/o d\u00e9bito (VISA, AMERICAN EXPRESS, MASTER CARD), Transferencias Bancarias, Dep\u00f3sitos en efectivo.<\/p>\n\t\t<\/div>\n\t<\/div>\n<\/div>\n\n\n<div class=\"card\">\n\t<div class=\"card-header\" id=\"knsl-faqHeading-4685\">\n\t\t<div class=\"mb-0\">\n\t\t\t<div class=\"knsl-faq-title\" data-toggle=\"collapse\" data-target=\"#knsl-faqCollapse-4685\" data-aria-expanded=\"true\" data-aria-controls=\"knsl-faqCollapse-4685\">\n\t\t\t\t<span class=\"badge\">5<\/span>\n\t\t\t\tDo they have parking?\t\t\t<\/div>\n\t\t<\/div>\n\t<\/div>\n\t<div id=\"knsl-faqCollapse-4685\" class=\"collapse\" aria-labelledby=\"knsl-faqHeading-4685\" data-parent=\"#accordion\">\n\t\t<div class=\"knsl-card-body\">\n\t\t\t<p>Si, tiene un precio de $ 50.00 por autom\u00f3vil por noche.<\/p>\n\t\t<\/div>\n\t<\/div>\n<\/div>\n\n\n<div class=\"card\">\n\t<div class=\"card-header\" id=\"knsl-faqHeading-4687\">\n\t\t<div class=\"mb-0\">\n\t\t\t<div class=\"knsl-faq-title\" data-toggle=\"collapse\" data-target=\"#knsl-faqCollapse-4687\" data-aria-expanded=\"true\" data-aria-controls=\"knsl-faqCollapse-4687\">\n\t\t\t\t<span class=\"badge\">6<\/span>\n\t\t\t\tDo the rooms have a Jacuzzi?\t\t\t<\/div>\n\t\t<\/div>\n\t<\/div>\n\t<div id=\"knsl-faqCollapse-4687\" class=\"collapse\" aria-labelledby=\"knsl-faqHeading-4687\" data-parent=\"#accordion\">\n\t\t<div class=\"knsl-card-body\">\n\t\t\t<p>Las Suites cuentan con tina de Hidromasaje.<\/p>\n\t\t<\/div>\n\t<\/div>\n<\/div>\n\n\n<div class=\"card\">\n\t<div class=\"card-header\" id=\"knsl-faqHeading-4691\">\n\t\t<div class=\"mb-0\">\n\t\t\t<div class=\"knsl-faq-title\" data-toggle=\"collapse\" data-target=\"#knsl-faqCollapse-4691\" data-aria-expanded=\"true\" data-aria-controls=\"knsl-faqCollapse-4691\">\n\t\t\t\t<span class=\"badge\">7<\/span>\n\t\t\t\tDo you have a Spa service?\t\t\t<\/div>\n\t\t<\/div>\n\t<\/div>\n\t<div id=\"knsl-faqCollapse-4691\" class=\"collapse\" aria-labelledby=\"knsl-faqHeading-4691\" data-parent=\"#accordion\">\n\t\t<div class=\"knsl-card-body\">\n\t\t\t<p>It is subject to availability and must be scheduled by appointment.<\/p>\n\t\t<\/div>\n\t<\/div>\n<\/div>\n\n\n<div class=\"card\">\n\t<div class=\"card-header\" id=\"knsl-faqHeading-4689\">\n\t\t<div class=\"mb-0\">\n\t\t\t<div class=\"knsl-faq-title\" data-toggle=\"collapse\" data-target=\"#knsl-faqCollapse-4689\" data-aria-expanded=\"true\" data-aria-controls=\"knsl-faqCollapse-4689\">\n\t\t\t\t<span class=\"badge\">8<\/span>\n\t\t\t\tHow can I request my invoice?\t\t\t<\/div>\n\t\t<\/div>\n\t<\/div>\n\t<div id=\"knsl-faqCollapse-4689\" class=\"collapse\" aria-labelledby=\"knsl-faqHeading-4689\" data-parent=\"#accordion\">\n\t\t<div class=\"knsl-card-body\">\n\t\t\t<p>Al momento de hacer su reservaci\u00f3n recibir\u00e1 un correo de confirmaci\u00f3n con los datos que se requieren para realizar su factura mismos que deber\u00e1 hacer llegar por correo electr\u00f3nico junto con su constancia de situaci\u00f3n fiscal.<\/p>\n\t\t<\/div>\n\t<\/div>\n<\/div>\n\n\n<div class=\"card\">\n\t<div class=\"card-header\" id=\"knsl-faqHeading-4681\">\n\t\t<div class=\"mb-0\">\n\t\t\t<div class=\"knsl-faq-title\" data-toggle=\"collapse\" data-target=\"#knsl-faqCollapse-4681\" data-aria-expanded=\"true\" data-aria-controls=\"knsl-faqCollapse-4681\">\n\t\t\t\t<span class=\"badge\">9<\/span>\n\t\t\t\tDo they have a restaurant?\t\t\t<\/div>\n\t\t<\/div>\n\t<\/div>\n\t<div id=\"knsl-faqCollapse-4681\" class=\"collapse\" aria-labelledby=\"knsl-faqHeading-4681\" data-parent=\"#accordion\">\n\t\t<div class=\"knsl-card-body\">\n\t\t\t<p>Contamos con cafeter\u00eda y servicio a cuarto las 24 horas, adicionalmente el restaurante esta disponible de 8:00 am a 18:30 pm<\/p>\n\t\t<\/div>\n\t<\/div>\n<\/div>\n\n\n<div class=\"card\">\n\t<div class=\"card-header\" id=\"knsl-faqHeading-4679\">\n\t\t<div class=\"mb-0\">\n\t\t\t<div class=\"knsl-faq-title\" data-toggle=\"collapse\" data-target=\"#knsl-faqCollapse-4679\" data-aria-expanded=\"true\" data-aria-controls=\"knsl-faqCollapse-4679\">\n\t\t\t\t<span class=\"badge\">10<\/span>\n\t\t\t\t\u00bfCuentan con servicio de early check-in y late check-out?\t\t\t<\/div>\n\t\t<\/div>\n\t<\/div>\n\t<div id=\"knsl-faqCollapse-4679\" class=\"collapse\" aria-labelledby=\"knsl-faqHeading-4679\" data-parent=\"#accordion\">\n\t\t<div class=\"knsl-card-body\">\n\t\t\t<p>It is subject to availability and has an extra charge<\/p>\n\t\t<\/div>\n\t<\/div>\n<\/div>\n\n              <\/div>\n\t\t\t\t\t\t\t            <\/div>\n\t\t\t\t\t\t          <\/section>\n\n\t\t\t\t\t          <section>\n            <div class=\"row\">\n              <div class=\"col-lg-12\">\n\t\t\t\t\t\t\t\t\t\t\t\t\t\t\t\t<h3 class=\"knsl-mb-40 knsl-scroll-animation\">\n\t\t\t\t\t\t\t\t\t<span >\n\t\t\t\t\t\t\t\t\t\t\tTel\u00e9fonos: 728 101 2003 y 728 101 2083<br>\n<br>\n\n\nIf you still have questions, fill out the following form and we will gladly attend to your request.\t\t\t\t\t\t\t\t\t<\/span>\n\t\t\t\t\t\t\t\t<\/h3>\n\t\t\t\t\t\t\t\t              <\/div>\n\t\t\t\t\t\t\t              <div class=\"col-lg-12\">\n                <div class=\"knsl-scroll-animation-default\">\n                  \n<div class=\"wpcf7 no-js\" id=\"wpcf7-f4472-o1\" lang=\"es-ES\" dir=\"ltr\">\n<div class=\"screen-reader-response\"><p role=\"status\" aria-live=\"polite\" aria-atomic=\"true\"><\/p> <ul><\/ul><\/div>\n<form action=\"\/en\/wp-json\/wp\/v2\/pages\/688#wpcf7-f4472-o1\" method=\"post\" class=\"wpcf7-form init\" aria-label=\"Contact form\" novalidate=\"novalidate\" data-status=\"init\" data-trp-original-action=\"\/en\/wp-json\/wp\/v2\/pages\/688#wpcf7-f4472-o1\">\n<div style=\"display: none;\">\n<input type=\"hidden\" name=\"_wpcf7\" value=\"4472\" \/>\n<input type=\"hidden\" name=\"_wpcf7_version\" value=\"5.9.4\" \/>\n<input type=\"hidden\" name=\"_wpcf7_locale\" value=\"es_ES\" \/>\n<input type=\"hidden\" name=\"_wpcf7_unit_tag\" value=\"wpcf7-f4472-o1\" \/>\n<input type=\"hidden\" name=\"_wpcf7_container_post\" value=\"0\" \/>\n<input type=\"hidden\" name=\"_wpcf7_posted_data_hash\" value=\"\" \/>\n<\/div>\n<label> Tu nombre *\n    <span class=\"wpcf7-form-control-wrap\" data-name=\"your-name\"><input size=\"40\" class=\"wpcf7-form-control wpcf7-text wpcf7-validates-as-required\" autocomplete=\"name\" aria-required=\"true\" aria-invalid=\"false\" value=\"\" type=\"text\" name=\"your-name\" \/><\/span> <\/label>\n\n<label> Tu correo electr\u00f3nico *\n    <span class=\"wpcf7-form-control-wrap\" data-name=\"your-email\"><input size=\"40\" class=\"wpcf7-form-control wpcf7-email wpcf7-validates-as-required wpcf7-text wpcf7-validates-as-email\" autocomplete=\"email\" aria-required=\"true\" aria-invalid=\"false\" value=\"\" type=\"email\" name=\"your-email\" \/><\/span> <\/label>\n\n<label> Asunto *\n    <span class=\"wpcf7-form-control-wrap\" data-name=\"your-subject\"><input size=\"40\" class=\"wpcf7-form-control wpcf7-text wpcf7-validates-as-required\" aria-required=\"true\" aria-invalid=\"false\" value=\"\" type=\"text\" name=\"your-subject\" \/><\/span> <\/label>\n\n<label> Tu mensaje *\n    <span class=\"wpcf7-form-control-wrap\" data-name=\"your-message\"><textarea cols=\"40\" rows=\"10\" class=\"wpcf7-form-control wpcf7-textarea wpcf7-validates-as-required\" aria-required=\"true\" aria-invalid=\"false\" name=\"your-message\"><\/textarea><\/span> <\/label>\n\n<input class=\"wpcf7-form-control wpcf7-submit has-spinner\" type=\"submit\" value=\"Send\" \/><div class=\"wpcf7-response-output\" aria-hidden=\"true\"><\/div>\n<input type=\"hidden\" name=\"trp-form-language\" value=\"en\"\/><\/form>\n<\/div>\n                <\/div>\n              <\/div>\n\t\t\t\t\t\t\t            <\/div>\n          <\/section>\n\t\t\t\t\t        <\/div>\n      <\/div>\n    <\/div>\n    <!-- faq end -->\n\n\t\t\t\t<\/div>\n\t\t\t\t<\/div>\n\t\t\t\t\t<\/div>\n\t\t<\/div>\n\t\t\t\t\t<\/div>\n\t\t<\/section>\n\t\t\t\t<\/div>","protected":false},"excerpt":{"rendered":"<p>Preguntas Frecuentes En Hacienda San Mart\u00edn estamos al pendiente de tus dudas e inquietudes. Hotel Hacienda San Mart\u00edn Hotel Hacienda&#8230; <span class=\"knsl-el-more\"><a href=\"https:\/\/haciendasanmartin.mx\/en\/faq\/item\/cuentan-con-servicio-de-early-check-in-y-check-out\/\" class=\"knsl-btn\">Read more<span class=\"screen-reader-text\">Read more&nbsp;\u00bfCuentan con servicio de early check-in y late check-out?<\/span><\/a><\/span><\/p>","protected":false},"author":1,"featured_media":0,"parent":0,"menu_order":0,"comment_status":"closed","ping_status":"closed","template":"template-layout-builder.php","meta":{"footnotes":""},"acf":[],"_links":{"self":[{"href":"https:\/\/haciendasanmartin.mx\/en\/wp-json\/wp\/v2\/pages\/688"}],"collection":[{"href":"https:\/\/haciendasanmartin.mx\/en\/wp-json\/wp\/v2\/pages"}],"about":[{"href":"https:\/\/haciendasanmartin.mx\/en\/wp-json\/wp\/v2\/types\/page"}],"author":[{"embeddable":true,"href":"https:\/\/haciendasanmartin.mx\/en\/wp-json\/wp\/v2\/users\/1"}],"replies":[{"embeddable":true,"href":"https:\/\/haciendasanmartin.mx\/en\/wp-json\/wp\/v2\/comments?post=688"}],"version-history":[{"count":20,"href":"https:\/\/haciendasanmartin.mx\/en\/wp-json\/wp\/v2\/pages\/688\/revisions"}],"predecessor-version":[{"id":5609,"href":"https:\/\/haciendasanmartin.mx\/en\/wp-json\/wp\/v2\/pages\/688\/revisions\/5609"}],"wp:attachment":[{"href":"https:\/\/haciendasanmartin.mx\/en\/wp-json\/wp\/v2\/media?parent=688"}],"curies":[{"name":"wp","href":"https:\/\/api.w.org\/{rel}","templated":true}]}}